{"id":42,"date":"2015-03-01T02:45:24","date_gmt":"2015-03-01T05:45:24","guid":{"rendered":"http:\/\/www.gilbertoricetti.com.br\/?page_id=42"},"modified":"2015-03-01T15:26:16","modified_gmt":"2015-03-01T18:26:16","slug":"produtos-2","status":"publish","type":"page","link":"https:\/\/www.gilbertoricetti.com.br\/?page_id=42","title":{"rendered":"Servi\u00e7os"},"content":{"rendered":"<div class=\"wpb_row wf-container\" style=\"margin-top: 0px;margin-bottom: 0px\" >\n\t<div class=\"vc_col-sm-3 wpb_column column_container \">\n\t\t<div class=\"wpb_wrapper\">\n\t\t\t\n\t<div class=\"wpb_text_column wpb_content_element \">\n\t\t<div class=\"wpb_wrapper\">\n\t\t\tN\u00f3s produzimos:<\/p>\n<ul>\n<li>Folders;<\/li>\n<li>Cat\u00e1logos;<\/li>\n<li>Revistas;<\/li>\n<li>Tabl\u00f3ides;<\/li>\n<li>Folhetos publicit\u00e1rios;<\/li>\n<li>Convites especiais;<\/li>\n<li>Informativos;<\/li>\n<li>Malas diretas;<\/li>\n<li>Panfletos;<\/li>\n<li>Relat\u00f3rios;<\/li>\n<li>Livros;<\/li>\n<li>Cart\u00f5es;<\/li>\n<li>Cartazes;<\/li>\n<li>Papel timbrado;<\/li>\n<li>Envelopes;<\/li>\n<li>Displays;<\/li>\n<li>Agendas;<\/li>\n<li>Calend\u00e1rios;<\/li>\n<li>Blocos.<\/li>\n<\/ul>\n<p>E o que mais a sua criatividade exigir.\n\t\t<\/div> \n\t<\/div> \n\t\t<\/div> \n\t<\/div> \n\n\t<div class=\"vc_col-sm-9 wpb_column column_container \">\n\t\t<div class=\"wpb_wrapper\">\n\t\t\t\n\t<div class=\"wpb_text_column wpb_content_element \">\n\t\t<div class=\"wpb_wrapper\">\n\t\t\t\n\n\t\t\t\t<style type='text\/css'>\n\t\t\t\t\t\t#gallery-1 {\n\t\t\t\t\t\t\t\tmargin: auto;\n\t\t\t\t\t\t}\n\t\t\t\t\t\t#gallery-1 .gallery-item {\n\t\t\t\t\t\t\t\tfloat: left;\n\t\t\t\t\t\t\t\tmargin-top: 10px;\n\t\t\t\t\t\t\t\ttext-align: center;\n\t\t\t\t\t\t\t\twidth: 25%;\n\t\t\t\t\t\t}\n\t\t\t\t\t\t#gallery-1 img {\n\t\t\t\t\t\t\t\tborder: 2px solid #cfcfcf;\n\t\t\t\t\t\t}\n\t\t\t\t\t\t#gallery-1 .gallery-caption {\n\t\t\t\t\t\t\t\tmargin-left: 0;\n\t\t\t\t\t\t}\n\t\t\t\t<\/style>\n\t\t\t\t<!-- see gallery_shortcode() in wp-includes\/media.php -->\n\t\t<div id='gallery-1' class='gallery galleryid-103 gallery-columns-4 gallery-size-medium dt-gallery-container'><dl class='gallery-item'>\n\t\t\t\t\t\t<dt class='gallery-icon'>\n\t\t\t\t\t\t\t\t<a href=\"https:\/\/www.gilbertoricetti.com.br\/wp-content\/uploads\/2015\/03\/portfolioGde06.jpg\" class=\"rollover rollover-zoom dt-mfp-item mfp-image\" title=\"\" data-dt-img-description=\"\"><img loading=\"lazy\" decoding=\"async\" src=\"https:\/\/www.gilbertoricetti.com.br\/wp-content\/uploads\/2015\/03\/portfolioGde06-300x214.jpg\" height=\"300\" width=\"214\" alt=\"\"><\/a>\n\t\t\t\t\t\t<\/dt><\/dl><dl class='gallery-item'>\n\t\t\t\t\t\t<dt class='gallery-icon'>\n\t\t\t\t\t\t\t\t<a href=\"https:\/\/www.gilbertoricetti.com.br\/wp-content\/uploads\/2015\/03\/portfolioGde09.jpg\" class=\"rollover rollover-zoom dt-mfp-item mfp-image\" title=\"\" data-dt-img-description=\"\"><img loading=\"lazy\" decoding=\"async\" src=\"https:\/\/www.gilbertoricetti.com.br\/wp-content\/uploads\/2015\/03\/portfolioGde09-300x214.jpg\" height=\"300\" width=\"214\" alt=\"\"><\/a>\n\t\t\t\t\t\t<\/dt><\/dl><dl class='gallery-item'>\n\t\t\t\t\t\t<dt class='gallery-icon'>\n\t\t\t\t\t\t\t\t<a href=\"https:\/\/www.gilbertoricetti.com.br\/wp-content\/uploads\/2015\/03\/portfolioGde08.jpg\" class=\"rollover rollover-zoom dt-mfp-item mfp-image\" title=\"\" data-dt-img-description=\"\"><img loading=\"lazy\" decoding=\"async\" src=\"https:\/\/www.gilbertoricetti.com.br\/wp-content\/uploads\/2015\/03\/portfolioGde08-300x214.jpg\" height=\"300\" width=\"214\" alt=\"\"><\/a>\n\t\t\t\t\t\t<\/dt><\/dl><dl class='gallery-item'>\n\t\t\t\t\t\t<dt class='gallery-icon'>\n\t\t\t\t\t\t\t\t<a href=\"https:\/\/www.gilbertoricetti.com.br\/wp-content\/uploads\/2015\/03\/portfolioGde01.jpg\" class=\"rollover rollover-zoom dt-mfp-item mfp-image\" title=\"\" data-dt-img-description=\"\"><img loading=\"lazy\" decoding=\"async\" src=\"https:\/\/www.gilbertoricetti.com.br\/wp-content\/uploads\/2015\/03\/portfolioGde01-300x214.jpg\" height=\"300\" width=\"214\" alt=\"\"><\/a>\n\t\t\t\t\t\t<\/dt><\/dl><br style=\"clear: both\" \/><dl class='gallery-item'>\n\t\t\t\t\t\t<dt class='gallery-icon'>\n\t\t\t\t\t\t\t\t<a href=\"https:\/\/www.gilbertoricetti.com.br\/wp-content\/uploads\/2015\/03\/portfolioGde02.jpg\" class=\"rollover rollover-zoom dt-mfp-item mfp-image\" title=\"\" data-dt-img-description=\"\"><img loading=\"lazy\" decoding=\"async\" src=\"https:\/\/www.gilbertoricetti.com.br\/wp-content\/uploads\/2015\/03\/portfolioGde02-300x214.jpg\" height=\"300\" width=\"214\" alt=\"\"><\/a>\n\t\t\t\t\t\t<\/dt><\/dl><dl class='gallery-item'>\n\t\t\t\t\t\t<dt class='gallery-icon'>\n\t\t\t\t\t\t\t\t<a href=\"https:\/\/www.gilbertoricetti.com.br\/wp-content\/uploads\/2015\/03\/portfolioGde05.jpg\" class=\"rollover rollover-zoom dt-mfp-item mfp-image\" title=\"\" data-dt-img-description=\"\"><img loading=\"lazy\" decoding=\"async\" src=\"https:\/\/www.gilbertoricetti.com.br\/wp-content\/uploads\/2015\/03\/portfolioGde05-300x214.jpg\" height=\"300\" width=\"214\" alt=\"\"><\/a>\n\t\t\t\t\t\t<\/dt><\/dl><dl class='gallery-item'>\n\t\t\t\t\t\t<dt class='gallery-icon'>\n\t\t\t\t\t\t\t\t<a href=\"https:\/\/www.gilbertoricetti.com.br\/wp-content\/uploads\/2015\/03\/portfolioGde11.jpg\" class=\"rollover rollover-zoom dt-mfp-item mfp-image\" title=\"\" data-dt-img-description=\"\"><img loading=\"lazy\" decoding=\"async\" src=\"https:\/\/www.gilbertoricetti.com.br\/wp-content\/uploads\/2015\/03\/portfolioGde11-300x214.jpg\" height=\"300\" width=\"214\" alt=\"\"><\/a>\n\t\t\t\t\t\t<\/dt><\/dl><dl class='gallery-item'>\n\t\t\t\t\t\t<dt class='gallery-icon'>\n\t\t\t\t\t\t\t\t<a href=\"https:\/\/www.gilbertoricetti.com.br\/wp-content\/uploads\/2015\/03\/portfolioGde07.jpg\" class=\"rollover rollover-zoom dt-mfp-item mfp-image\" title=\"\" data-dt-img-description=\"\"><img loading=\"lazy\" decoding=\"async\" src=\"https:\/\/www.gilbertoricetti.com.br\/wp-content\/uploads\/2015\/03\/portfolioGde07-300x214.jpg\" height=\"300\" width=\"214\" alt=\"\"><\/a>\n\t\t\t\t\t\t<\/dt><\/dl><br style=\"clear: both\" \/><dl class='gallery-item'>\n\t\t\t\t\t\t<dt class='gallery-icon'>\n\t\t\t\t\t\t\t\t<a href=\"https:\/\/www.gilbertoricetti.com.br\/wp-content\/uploads\/2015\/03\/portfolioGde04.jpg\" class=\"rollover rollover-zoom dt-mfp-item mfp-image\" title=\"\" data-dt-img-description=\"\"><img loading=\"lazy\" decoding=\"async\" src=\"https:\/\/www.gilbertoricetti.com.br\/wp-content\/uploads\/2015\/03\/portfolioGde04-300x214.jpg\" height=\"300\" width=\"214\" alt=\"\"><\/a>\n\t\t\t\t\t\t<\/dt><\/dl><dl class='gallery-item'>\n\t\t\t\t\t\t<dt class='gallery-icon'>\n\t\t\t\t\t\t\t\t<a href=\"https:\/\/www.gilbertoricetti.com.br\/wp-content\/uploads\/2015\/03\/portfolioGde03.jpg\" class=\"rollover rollover-zoom dt-mfp-item mfp-image\" title=\"\" data-dt-img-description=\"\"><img loading=\"lazy\" decoding=\"async\" src=\"https:\/\/www.gilbertoricetti.com.br\/wp-content\/uploads\/2015\/03\/portfolioGde03-300x214.jpg\" height=\"300\" width=\"214\" alt=\"\"><\/a>\n\t\t\t\t\t\t<\/dt><\/dl><dl class='gallery-item'>\n\t\t\t\t\t\t<dt class='gallery-icon'>\n\t\t\t\t\t\t\t\t<a href=\"https:\/\/www.gilbertoricetti.com.br\/wp-content\/uploads\/2015\/03\/portfolioGde12.jpg\" class=\"rollover rollover-zoom dt-mfp-item mfp-image\" title=\"\" data-dt-img-description=\"\"><img loading=\"lazy\" decoding=\"async\" src=\"https:\/\/www.gilbertoricetti.com.br\/wp-content\/uploads\/2015\/03\/portfolioGde12-300x214.jpg\" height=\"300\" width=\"214\" alt=\"\"><\/a>\n\t\t\t\t\t\t<\/dt><\/dl><dl class='gallery-item'>\n\t\t\t\t\t\t<dt class='gallery-icon'>\n\t\t\t\t\t\t\t\t<a href=\"https:\/\/www.gilbertoricetti.com.br\/wp-content\/uploads\/2015\/03\/portfolioGde10.jpg\" class=\"rollover rollover-zoom dt-mfp-item mfp-image\" title=\"\" data-dt-img-description=\"\"><img loading=\"lazy\" decoding=\"async\" src=\"https:\/\/www.gilbertoricetti.com.br\/wp-content\/uploads\/2015\/03\/portfolioGde10-300x214.jpg\" height=\"300\" width=\"214\" alt=\"\"><\/a>\n\t\t\t\t\t\t<\/dt><\/dl><br style=\"clear: both\" \/>\n\t\t\t\t\t\t<br style='clear: both;' \/>\n\t\t\t\t<\/div>\n\n\n\t\t<\/div> \n\t<\/div> \n\t\t<\/div> \n\t<\/div> \n<\/div>\n","protected":false},"excerpt":{"rendered":"N\u00f3s produzimos: Folders; Cat\u00e1logos; Revistas; Tabl\u00f3ides; Folhetos publicit\u00e1rios; Convites especiais; Informativos; Malas diretas; Panfletos; Relat\u00f3rios; Livros; Cart\u00f5es; Cartazes; Papel timbrado; Envelopes; Displays; Agendas; Calend\u00e1rios; Blocos. E o que mais a sua criatividade exigir. #gallery-2 { margin: auto; } #gallery-2 .gallery-item { float: left; margin-top: 10px; text-align: center; width: 25%; } #gallery-2 img { border: 2px&hellip;","protected":false},"author":1,"featured_media":0,"parent":0,"menu_order":0,"comment_status":"closed","ping_status":"open","template":"","meta":{"footnotes":""},"class_list":["post-42","page","type-page","status-publish","hentry"],"_links":{"self":[{"href":"https:\/\/www.gilbertoricetti.com.br\/index.php?rest_route=\/wp\/v2\/pages\/42","targetHints":{"allow":["GET"]}}],"collection":[{"href":"https:\/\/www.gilbertoricetti.com.br\/index.php?rest_route=\/wp\/v2\/pages"}],"about":[{"href":"https:\/\/www.gilbertoricetti.com.br\/index.php?rest_route=\/wp\/v2\/types\/page"}],"author":[{"embeddable":true,"href":"https:\/\/www.gilbertoricetti.com.br\/index.php?rest_route=\/wp\/v2\/users\/1"}],"replies":[{"embeddable":true,"href":"https:\/\/www.gilbertoricetti.com.br\/index.php?rest_route=%2Fwp%2Fv2%2Fcomments&post=42"}],"version-history":[{"count":5,"href":"https:\/\/www.gilbertoricetti.com.br\/index.php?rest_route=\/wp\/v2\/pages\/42\/revisions"}],"predecessor-version":[{"id":107,"href":"https:\/\/www.gilbertoricetti.com.br\/index.php?rest_route=\/wp\/v2\/pages\/42\/revisions\/107"}],"wp:attachment":[{"href":"https:\/\/www.gilbertoricetti.com.br\/index.php?rest_route=%2Fwp%2Fv2%2Fmedia&parent=42"}],"curies":[{"name":"wp","href":"https:\/\/api.w.org\/{rel}","templated":true}]}}