{"id":39,"date":"2015-03-01T02:44:40","date_gmt":"2015-03-01T05:44:40","guid":{"rendered":"http:\/\/www.gilbertoricetti.com.br\/?page_id=39"},"modified":"2015-03-01T15:15:28","modified_gmt":"2015-03-01T18:15:28","slug":"produtos","status":"publish","type":"page","link":"https:\/\/www.gilbertoricetti.com.br\/?page_id=39","title":{"rendered":"A Mult-Graphic"},"content":{"rendered":"<div class=\"wpb_row wf-container\" style=\"margin-top: 0px;margin-bottom: 0px\" >\n\t<div class=\"vc_col-sm-12 wpb_column column_container \">\n\t\t<div class=\"wpb_wrapper\">\n\t\t\t\n\t<div class=\"wpb_text_column wpb_content_element \">\n\t\t<div class=\"wpb_wrapper\">\n\t\t\t\n<p class=\"style11\" align=\"justify\"><img loading=\"lazy\" decoding=\"async\" class=\"alignleft size-full wp-image-90\" style=\"margin: 0px 10px 10px 0px;\" src=\"http:\/\/www.gilbertoricetti.com.br\/wp-content\/uploads\/2015\/03\/mult-graphic.jpg\" alt=\"mult-graphic\" width=\"370\" height=\"225\" srcset=\"https:\/\/www.gilbertoricetti.com.br\/wp-content\/uploads\/2015\/03\/mult-graphic.jpg 370w, https:\/\/www.gilbertoricetti.com.br\/wp-content\/uploads\/2015\/03\/mult-graphic-300x182.jpg 300w\" sizes=\"auto, (max-width: 370px) 100vw, 370px\" \/>A Mult-Graphic iniciou suas atividades no ano de 1998, sob a raz\u00e3o social de Artes Gr\u00e1ficas Renascer.<\/p>\n<p class=\"style11\" align=\"justify\">Inicialmente focada mais no mercado editorial e com forte participa\u00e7\u00e3o em licita\u00e7\u00f5es p\u00fablicas, a empresa hoje est\u00e1 preparada para ampliar sua participa\u00e7\u00e3o no mercado.<\/p>\n<p class=\"style11\" align=\"justify\">H\u00e1 mais de 18 anos, a Mult-Graphic sabe que qualidade n\u00e3o \u00e9 o bastante para ser um bom neg\u00f3cio. Para isso, \u00e9 preciso fazer mais. \u00c9 preciso ser mais. Nos comprometemos com nossos clientes e parceiros para garantir efici\u00eancia e rapidez atrav\u00e9s de um parque gr\u00e1fico moderno e pessoal especializado, al\u00e9m do selo de uma pol\u00edtica ecologicamente respons\u00e1vel.\u00a0Publicit\u00e1rios, designers e empresas que necessitam de prazos de entrega reduzidos e pre\u00e7os competitivos, j\u00e1 v\u00eaem a Mult-Graphic como uma parceira confi\u00e1vel.<\/p>\n<p class=\"style11\" align=\"justify\">Percebemos que o melhor neg\u00f3cio \u00e9 aquele que tem o melhor custo benef\u00edcio. A parceria <strong>Gilberto Ricetti<\/strong> e <strong>Mult-Graphic<\/strong> trabalha em conjunto para garantir prazos, excel\u00eancia e qualidade nos servi\u00e7os oferecidos.<\/p>\n<p class=\"style11\" align=\"justify\">Al\u00e9m da m\u00e1xima aten\u00e7\u00e3o colocada em cada trabalho, pode se dizer que a Mult-Graphic \u00e9 uma empresa s\u00f3lida: possui sede pr\u00f3pria com 1.500m\u00b2 de \u00e1rea constru\u00edda, preparada para atender clientes de todos os portes.<\/p>\n\n\t\t<\/div> \n\t<\/div> \n\t\t<\/div> \n\t<\/div> \n<\/div>\n","protected":false},"excerpt":{"rendered":"A Mult-Graphic iniciou suas atividades no ano de 1998, sob a raz\u00e3o social de Artes Gr\u00e1ficas Renascer. Inicialmente focada mais no mercado editorial e com forte participa\u00e7\u00e3o em licita\u00e7\u00f5es p\u00fablicas, a empresa hoje est\u00e1 preparada para ampliar sua participa\u00e7\u00e3o no mercado. H\u00e1 mais de 18 anos, a Mult-Graphic sabe que qualidade n\u00e3o \u00e9 o bastante&hellip;","protected":false},"author":1,"featured_media":0,"parent":0,"menu_order":0,"comment_status":"closed","ping_status":"open","template":"","meta":{"footnotes":""},"class_list":["post-39","page","type-page","status-publish","hentry"],"_links":{"self":[{"href":"https:\/\/www.gilbertoricetti.com.br\/index.php?rest_route=\/wp\/v2\/pages\/39","targetHints":{"allow":["GET"]}}],"collection":[{"href":"https:\/\/www.gilbertoricetti.com.br\/index.php?rest_route=\/wp\/v2\/pages"}],"about":[{"href":"https:\/\/www.gilbertoricetti.com.br\/index.php?rest_route=\/wp\/v2\/types\/page"}],"author":[{"embeddable":true,"href":"https:\/\/www.gilbertoricetti.com.br\/index.php?rest_route=\/wp\/v2\/users\/1"}],"replies":[{"embeddable":true,"href":"https:\/\/www.gilbertoricetti.com.br\/index.php?rest_route=%2Fwp%2Fv2%2Fcomments&post=39"}],"version-history":[{"count":4,"href":"https:\/\/www.gilbertoricetti.com.br\/index.php?rest_route=\/wp\/v2\/pages\/39\/revisions"}],"predecessor-version":[{"id":91,"href":"https:\/\/www.gilbertoricetti.com.br\/index.php?rest_route=\/wp\/v2\/pages\/39\/revisions\/91"}],"wp:attachment":[{"href":"https:\/\/www.gilbertoricetti.com.br\/index.php?rest_route=%2Fwp%2Fv2%2Fmedia&parent=39"}],"curies":[{"name":"wp","href":"https:\/\/api.w.org\/{rel}","templated":true}]}}