{"id":17,"date":"2015-02-28T18:20:44","date_gmt":"2015-02-28T21:20:44","guid":{"rendered":"http:\/\/www.gilbertoricetti.com.br\/?page_id=17"},"modified":"2015-03-01T16:42:44","modified_gmt":"2015-03-01T19:42:44","slug":"home","status":"publish","type":"page","link":"https:\/\/www.gilbertoricetti.com.br\/","title":{"rendered":"HOME"},"content":{"rendered":"<div class=\"stripe stripe-style-5\" style=\"background-image: url(http:\/\/www.gilbertoricetti.com.br\/wp-content\/uploads\/2015\/03\/BG_SOLICITE.png);background-position: top;background-repeat: repeat-x;background-attachment: scroll;background-size: auto;padding-top: 15px;padding-bottom: 15px;margin-top: 0px;margin-bottom: 0px\"><div class=\"wpb_row wf-container full-width-wrap\" style=\"padding-left: 40px;padding-right: 40px\" >\n\t<div class=\"vc_col-sm-12 wpb_column column_container \">\n\t\t<div class=\"wpb_wrapper\">\n\t\t\t<div class=\"vc_call_to_action wpb_content_element vc_cta_btn_pos_right vc_cta_black vc_cta_square vc_txt_align_left\">\n    <a class=\"vc_btn vc_btn_black vc_btn-black vc_btn_lg vc_btn-lg vc_btn_rounded vc_cta_btn\" href=\"http:\/\/www.gilbertoricetti.com.br\/?page_id=31\"\n   title=\"Or\u00e7amentos\" target=\"\">\n\tCLIQUE AQUI<\/a>\n\n    <hgroup>\n        <h2 class=\"wpb_heading\"><strong>SOLICITE SEU OR\u00c7AMENTO<\/strong><\/h2>            <\/hgroup>\n        <\/div>\n\n\t\t<\/div> \n\t<\/div> \n<\/div><\/div><div class=\"stripe stripe-style-5\" style=\"background-color: #e2e2e2;background-position: top;background-repeat: no-repeat;background-attachment: scroll;background-size: auto;padding-top: 0px;padding-bottom: 0px;margin-top: 0px;margin-bottom: 0px\"><div class=\"wpb_row wf-container\" style=\"\" >\n\t<div class=\"vc_col-sm-12 wpb_column column_container \">\n\t\t<div class=\"wpb_wrapper\">\n\t\t\t\n<div class=\"gap\" style=\"line-height: 50px; height: 50px;\"><\/div>\n\n\t<div class=\"wpb_text_column wpb_content_element \">\n\t\t<div class=\"wpb_wrapper\">\n\t\t\t\n<h1 style=\"text-align: center;\">PORTF\u00d3LIO<\/h1>\n\n\t\t<\/div> \n\t<\/div> \n<div class=\"gap\" style=\"line-height: 30px; height: 30px;\"><\/div>\n\n<div class=\"shortcode-instagram slider-wrapper dt-gallery-container\" style=\"margin-bottom: 10px;margin-top: 10px\">\n\t\t\t\t\t\t\t\n\t\t\t\t\t\t\t<div class=\"frame fullwidth-slider\">\n\t\t\t\t\t\t\t\t<ul class=\"clearfix\">\n\t<li class=\"fs-entry ts-cell\"><div class=\"fs-entry-slide\"><div class=\"fs-entry-img\">\n\t\t<a href=\"https:\/\/www.gilbertoricetti.com.br\/wp-content\/uploads\/2015\/03\/portfolioGde12.jpg\" class=\"dt-mfp-item mfp-image\" title=\"\" data-dt-img-description=\"\" data-dt-location=\"https:\/\/www.gilbertoricetti.com.br\/?attachment_id=105\"><img loading=\"lazy\" decoding=\"async\" src=\"https:\/\/www.gilbertoricetti.com.br\/wp-content\/uploads\/2015\/03\/portfolioGde12-294x210.jpg\" class=\"preload-me\" width=\"294\" height=\"210\"  alt=\"\" \/><\/a><\/div>\n\t<\/div><\/li>\n\t<li class=\"fs-entry ts-cell\"><div class=\"fs-entry-slide\"><div class=\"fs-entry-img\">\n\t\t<a href=\"https:\/\/www.gilbertoricetti.com.br\/wp-content\/uploads\/2015\/03\/portfolioGde11.jpg\" class=\"dt-mfp-item mfp-image\" title=\"\" data-dt-img-description=\"\" data-dt-location=\"https:\/\/www.gilbertoricetti.com.br\/?attachment_id=104\"><img loading=\"lazy\" decoding=\"async\" src=\"https:\/\/www.gilbertoricetti.com.br\/wp-content\/uploads\/2015\/03\/portfolioGde11-294x210.jpg\" class=\"preload-me\" width=\"294\" height=\"210\"  alt=\"\" \/><\/a><\/div>\n\t<\/div><\/li>\n\t<li class=\"fs-entry ts-cell\"><div class=\"fs-entry-slide\"><div class=\"fs-entry-img\">\n\t\t<a href=\"https:\/\/www.gilbertoricetti.com.br\/wp-content\/uploads\/2015\/03\/portfolioGde10.jpg\" class=\"dt-mfp-item mfp-image\" title=\"\" data-dt-img-description=\"\" data-dt-location=\"https:\/\/www.gilbertoricetti.com.br\/?attachment_id=103\"><img loading=\"lazy\" decoding=\"async\" src=\"https:\/\/www.gilbertoricetti.com.br\/wp-content\/uploads\/2015\/03\/portfolioGde10-294x210.jpg\" class=\"preload-me\" width=\"294\" height=\"210\"  alt=\"\" \/><\/a><\/div>\n\t<\/div><\/li>\n\t<li class=\"fs-entry ts-cell\"><div class=\"fs-entry-slide\"><div class=\"fs-entry-img\">\n\t\t<a href=\"https:\/\/www.gilbertoricetti.com.br\/wp-content\/uploads\/2015\/03\/portfolioGde09.jpg\" class=\"dt-mfp-item mfp-image\" title=\"\" data-dt-img-description=\"\" data-dt-location=\"https:\/\/www.gilbertoricetti.com.br\/?attachment_id=102\"><img loading=\"lazy\" decoding=\"async\" src=\"https:\/\/www.gilbertoricetti.com.br\/wp-content\/uploads\/2015\/03\/portfolioGde09-294x210.jpg\" class=\"preload-me\" width=\"294\" height=\"210\"  alt=\"\" \/><\/a><\/div>\n\t<\/div><\/li>\n\t<li class=\"fs-entry ts-cell\"><div class=\"fs-entry-slide\"><div class=\"fs-entry-img\">\n\t\t<a href=\"https:\/\/www.gilbertoricetti.com.br\/wp-content\/uploads\/2015\/03\/portfolioGde08.jpg\" class=\"dt-mfp-item mfp-image\" title=\"\" data-dt-img-description=\"\" data-dt-location=\"https:\/\/www.gilbertoricetti.com.br\/?attachment_id=101\"><img loading=\"lazy\" decoding=\"async\" src=\"https:\/\/www.gilbertoricetti.com.br\/wp-content\/uploads\/2015\/03\/portfolioGde08-294x210.jpg\" class=\"preload-me\" width=\"294\" height=\"210\"  alt=\"\" \/><\/a><\/div>\n\t<\/div><\/li>\n\t<li class=\"fs-entry ts-cell\"><div class=\"fs-entry-slide\"><div class=\"fs-entry-img\">\n\t\t<a href=\"https:\/\/www.gilbertoricetti.com.br\/wp-content\/uploads\/2015\/03\/portfolioGde07.jpg\" class=\"dt-mfp-item mfp-image\" title=\"\" data-dt-img-description=\"\" data-dt-location=\"https:\/\/www.gilbertoricetti.com.br\/?attachment_id=100\"><img loading=\"lazy\" decoding=\"async\" src=\"https:\/\/www.gilbertoricetti.com.br\/wp-content\/uploads\/2015\/03\/portfolioGde07-294x210.jpg\" class=\"preload-me\" width=\"294\" height=\"210\"  alt=\"\" \/><\/a><\/div>\n\t<\/div><\/li>\n\t<li class=\"fs-entry ts-cell\"><div class=\"fs-entry-slide\"><div class=\"fs-entry-img\">\n\t\t<a href=\"https:\/\/www.gilbertoricetti.com.br\/wp-content\/uploads\/2015\/03\/portfolioGde06.jpg\" class=\"dt-mfp-item mfp-image\" title=\"\" data-dt-img-description=\"\" data-dt-location=\"https:\/\/www.gilbertoricetti.com.br\/?attachment_id=99\"><img loading=\"lazy\" decoding=\"async\" src=\"https:\/\/www.gilbertoricetti.com.br\/wp-content\/uploads\/2015\/03\/portfolioGde06-294x210.jpg\" class=\"preload-me\" width=\"294\" height=\"210\"  alt=\"\" \/><\/a><\/div>\n\t<\/div><\/li>\n\t<li class=\"fs-entry ts-cell\"><div class=\"fs-entry-slide\"><div class=\"fs-entry-img\">\n\t\t<a href=\"https:\/\/www.gilbertoricetti.com.br\/wp-content\/uploads\/2015\/03\/portfolioGde05.jpg\" class=\"dt-mfp-item mfp-image\" title=\"\" data-dt-img-description=\"\" data-dt-location=\"https:\/\/www.gilbertoricetti.com.br\/?attachment_id=98\"><img loading=\"lazy\" decoding=\"async\" src=\"https:\/\/www.gilbertoricetti.com.br\/wp-content\/uploads\/2015\/03\/portfolioGde05-294x210.jpg\" class=\"preload-me\" width=\"294\" height=\"210\"  alt=\"\" \/><\/a><\/div>\n\t<\/div><\/li>\n\t<li class=\"fs-entry ts-cell\"><div class=\"fs-entry-slide\"><div class=\"fs-entry-img\">\n\t\t<a href=\"https:\/\/www.gilbertoricetti.com.br\/wp-content\/uploads\/2015\/03\/portfolioGde04.jpg\" class=\"dt-mfp-item mfp-image\" title=\"\" data-dt-img-description=\"\" data-dt-location=\"https:\/\/www.gilbertoricetti.com.br\/?attachment_id=97\"><img loading=\"lazy\" decoding=\"async\" src=\"https:\/\/www.gilbertoricetti.com.br\/wp-content\/uploads\/2015\/03\/portfolioGde04-294x210.jpg\" class=\"preload-me\" width=\"294\" height=\"210\"  alt=\"\" \/><\/a><\/div>\n\t<\/div><\/li>\n\t<li class=\"fs-entry ts-cell\"><div class=\"fs-entry-slide\"><div class=\"fs-entry-img\">\n\t\t<a href=\"https:\/\/www.gilbertoricetti.com.br\/wp-content\/uploads\/2015\/03\/portfolioGde03.jpg\" class=\"dt-mfp-item mfp-image\" title=\"\" data-dt-img-description=\"\" data-dt-location=\"https:\/\/www.gilbertoricetti.com.br\/?attachment_id=96\"><img loading=\"lazy\" decoding=\"async\" src=\"https:\/\/www.gilbertoricetti.com.br\/wp-content\/uploads\/2015\/03\/portfolioGde03-294x210.jpg\" class=\"preload-me\" width=\"294\" height=\"210\"  alt=\"\" \/><\/a><\/div>\n\t<\/div><\/li>\n\t<li class=\"fs-entry ts-cell\"><div class=\"fs-entry-slide\"><div class=\"fs-entry-img\">\n\t\t<a href=\"https:\/\/www.gilbertoricetti.com.br\/wp-content\/uploads\/2015\/03\/portfolioGde02.jpg\" class=\"dt-mfp-item mfp-image\" title=\"\" data-dt-img-description=\"\" data-dt-location=\"https:\/\/www.gilbertoricetti.com.br\/?attachment_id=95\"><img loading=\"lazy\" decoding=\"async\" src=\"https:\/\/www.gilbertoricetti.com.br\/wp-content\/uploads\/2015\/03\/portfolioGde02-294x210.jpg\" class=\"preload-me\" width=\"294\" height=\"210\"  alt=\"\" \/><\/a><\/div>\n\t<\/div><\/li>\n\t<li class=\"fs-entry ts-cell\"><div class=\"fs-entry-slide\"><div class=\"fs-entry-img\">\n\t\t<a href=\"https:\/\/www.gilbertoricetti.com.br\/wp-content\/uploads\/2015\/03\/portfolioGde01.jpg\" class=\"dt-mfp-item mfp-image\" title=\"\" data-dt-img-description=\"\" data-dt-location=\"https:\/\/www.gilbertoricetti.com.br\/?attachment_id=94\"><img loading=\"lazy\" decoding=\"async\" src=\"https:\/\/www.gilbertoricetti.com.br\/wp-content\/uploads\/2015\/03\/portfolioGde01-294x210.jpg\" class=\"preload-me\" width=\"294\" height=\"210\"  alt=\"\" \/><\/a><\/div>\n\t<\/div><\/li>\n<\/ul><\/div><div class=\"prev\"><i><\/i><\/div><div class=\"next\"><i><\/i><\/div><\/div>\n<div class=\"gap\" style=\"line-height: 30px; height: 30px;\"><\/div>\n\n\t<div class=\"wpb_text_column wpb_content_element \">\n\t\t<div class=\"wpb_wrapper\">\n\t\t\t\n<p style=\"text-align: center;\"><a class=\"vc_btn vc_btn_orange vc_btn-orange vc_btn_md vc_btn-md vc_btn_rounded\" href=\"http:\/\/www.gilbertoricetti.com.br\/?page_id=42\"\n   title=\"Servi\u00e7os\" target=\"\">\n\tCONHE\u00c7A NOSSOS SERVI\u00c7OS<\/a>\n\n<\/p>\n\n\t\t<\/div> \n\t<\/div> \n<div class=\"gap\" style=\"line-height: 50px; height: 50px;\"><\/div>\n\n\t\t<\/div> \n\t<\/div> \n<\/div><\/div><div class=\"wpb_row wf-container\" style=\"margin-top: 0px;margin-bottom: 0px\" >\n\t<div class=\"vc_col-sm-12 wpb_column column_container \">\n\t\t<div class=\"wpb_wrapper\">\n\t\t\t\n<div class=\"gap\" style=\"line-height: 50px; height: 50px;\"><\/div>\n\n\t<div class=\"wpb_text_column wpb_content_element \">\n\t\t<div class=\"wpb_wrapper\">\n\t\t\t\n<h1 style=\"text-align: center;\">CLIENTES<\/h1>\n\n\t\t<\/div> \n\t<\/div> \n<div class=\"gap\" style=\"line-height: 30px; height: 30px;\"><\/div>\n<section class=\"logos-grid wf-container animation-builder\"><div class=\"wf-cell wf-1-5\"><div class=\"borders\"><img loading=\"lazy\" decoding=\"async\" class=\"fade-in animate-element preload-me\" src=\"https:\/\/www.gilbertoricetti.com.br\/wp-content\/uploads\/2015\/03\/editora-estronho.png\" width=\"140\" height=\"140\"  alt=\"Editora Estronho\" \/><\/div><\/div><div class=\"wf-cell wf-1-5\"><div class=\"borders\"><img loading=\"lazy\" decoding=\"async\" class=\"fade-in animate-element preload-me\" src=\"https:\/\/www.gilbertoricetti.com.br\/wp-content\/uploads\/2015\/03\/editora-maquina-de-escrever.png\" width=\"140\" height=\"140\"  alt=\"Editora M\u00e1quina de Escrever\" \/><\/div><\/div><div class=\"wf-cell wf-1-5\"><div class=\"borders\"><img loading=\"lazy\" decoding=\"async\" class=\"fade-in animate-element preload-me\" src=\"https:\/\/www.gilbertoricetti.com.br\/wp-content\/uploads\/2015\/03\/servopa.png\" width=\"140\" height=\"140\"  alt=\"Servopa\" \/><\/div><\/div><div class=\"wf-cell wf-1-5\"><div class=\"borders\"><img loading=\"lazy\" decoding=\"async\" class=\"fade-in animate-element preload-me\" src=\"https:\/\/www.gilbertoricetti.com.br\/wp-content\/uploads\/2015\/03\/sebrae.png\" width=\"140\" height=\"140\"  alt=\"Sebrae\" \/><\/div><\/div><div class=\"wf-cell wf-1-5\"><div class=\"borders\"><img loading=\"lazy\" decoding=\"async\" class=\"fade-in animate-element preload-me\" src=\"https:\/\/www.gilbertoricetti.com.br\/wp-content\/uploads\/2015\/03\/marista.png\" width=\"140\" height=\"140\"  alt=\"Marista\" \/><\/div><\/div><div class=\"wf-cell wf-1-5\"><div class=\"borders\"><img loading=\"lazy\" decoding=\"async\" class=\"fade-in animate-element preload-me\" src=\"https:\/\/www.gilbertoricetti.com.br\/wp-content\/uploads\/2015\/03\/IESDE.png\" width=\"140\" height=\"140\"  alt=\"IESDE\" \/><\/div><\/div><div class=\"wf-cell wf-1-5\"><div class=\"borders\"><img loading=\"lazy\" decoding=\"async\" class=\"fade-in animate-element preload-me\" src=\"https:\/\/www.gilbertoricetti.com.br\/wp-content\/uploads\/2015\/03\/editoraufpr.png\" width=\"140\" height=\"140\"  alt=\"Editora UFPR\" \/><\/div><\/div><div class=\"wf-cell wf-1-5\"><div class=\"borders\"><img loading=\"lazy\" decoding=\"async\" class=\"fade-in animate-element preload-me\" src=\"https:\/\/www.gilbertoricetti.com.br\/wp-content\/uploads\/2015\/03\/editorapositivo.png\" width=\"140\" height=\"140\"  alt=\"Editora Positivo\" \/><\/div><\/div><div class=\"wf-cell wf-1-5\"><div class=\"borders\"><img loading=\"lazy\" decoding=\"async\" class=\"fade-in animate-element preload-me\" src=\"https:\/\/www.gilbertoricetti.com.br\/wp-content\/uploads\/2015\/03\/editorafrater.png\" width=\"140\" height=\"140\"  alt=\"Editora Fr\u00e1ter\" \/><\/div><\/div><div class=\"wf-cell wf-1-5\"><div class=\"borders\"><img loading=\"lazy\" decoding=\"async\" class=\"fade-in animate-element preload-me\" src=\"https:\/\/www.gilbertoricetti.com.br\/wp-content\/uploads\/2015\/03\/decisivo.png\" width=\"140\" height=\"140\"  alt=\"Decisivo\" \/><\/div><\/div><div class=\"wf-cell wf-1-5\"><div class=\"borders\"><img loading=\"lazy\" decoding=\"async\" class=\"fade-in animate-element preload-me\" src=\"https:\/\/www.gilbertoricetti.com.br\/wp-content\/uploads\/2015\/03\/bom-jesus.png\" width=\"140\" height=\"140\"  alt=\"Bom Jesus\" \/><\/div><\/div><div class=\"wf-cell wf-1-5\"><div class=\"borders\"><img loading=\"lazy\" decoding=\"async\" class=\"fade-in animate-element preload-me\" src=\"https:\/\/www.gilbertoricetti.com.br\/wp-content\/uploads\/2015\/03\/arte-e-letra1.png\" width=\"140\" height=\"140\"  alt=\"Arte &#038; Letra Editora\" \/><\/div><\/div><div class=\"wf-cell wf-1-5\"><div class=\"borders\"><img loading=\"lazy\" decoding=\"async\" class=\"fade-in animate-element preload-me\" src=\"https:\/\/www.gilbertoricetti.com.br\/wp-content\/uploads\/2015\/03\/allcross.png\" width=\"140\" height=\"140\"  alt=\"Grupo All Cross\" \/><\/div><\/div><\/section>\n<div class=\"gap\" style=\"line-height: 30px; height: 30px;\"><\/div>\n\n\t\t<\/div> \n\t<\/div> \n<\/div>\n","protected":false},"excerpt":{"rendered":"CLIQUE AQUI SOLICITE SEU OR\u00c7AMENTO PORTF\u00d3LIO CONHE\u00c7A NOSSOS SERVI\u00c7OS CLIENTES","protected":false},"author":1,"featured_media":0,"parent":0,"menu_order":0,"comment_status":"closed","ping_status":"open","template":"","meta":{"footnotes":""},"class_list":["post-17","page","type-page","status-publish","hentry"],"_links":{"self":[{"href":"https:\/\/www.gilbertoricetti.com.br\/index.php?rest_route=\/wp\/v2\/pages\/17","targetHints":{"allow":["GET"]}}],"collection":[{"href":"https:\/\/www.gilbertoricetti.com.br\/index.php?rest_route=\/wp\/v2\/pages"}],"about":[{"href":"https:\/\/www.gilbertoricetti.com.br\/index.php?rest_route=\/wp\/v2\/types\/page"}],"author":[{"embeddable":true,"href":"https:\/\/www.gilbertoricetti.com.br\/index.php?rest_route=\/wp\/v2\/users\/1"}],"replies":[{"embeddable":true,"href":"https:\/\/www.gilbertoricetti.com.br\/index.php?rest_route=%2Fwp%2Fv2%2Fcomments&post=17"}],"version-history":[{"count":17,"href":"https:\/\/www.gilbertoricetti.com.br\/index.php?rest_route=\/wp\/v2\/pages\/17\/revisions"}],"predecessor-version":[{"id":125,"href":"https:\/\/www.gilbertoricetti.com.br\/index.php?rest_route=\/wp\/v2\/pages\/17\/revisions\/125"}],"wp:attachment":[{"href":"https:\/\/www.gilbertoricetti.com.br\/index.php?rest_route=%2Fwp%2Fv2%2Fmedia&parent=17"}],"curies":[{"name":"wp","href":"https:\/\/api.w.org\/{rel}","templated":true}]}}